{"id":74,"date":"2026-02-09T19:04:25","date_gmt":"2026-02-09T19:04:25","guid":{"rendered":"https:\/\/boostmatosinhos.com\/?page_id=74"},"modified":"2026-02-12T11:11:51","modified_gmt":"2026-02-12T11:11:51","slug":"participate","status":"publish","type":"page","link":"https:\/\/boostmatosinhos.com\/en\/participar\/","title":{"rendered":"Participate"},"content":{"rendered":"\t\t<div data-elementor-type=\"wp-page\" data-elementor-id=\"74\" class=\"elementor elementor-74\" data-elementor-post-type=\"page\">\n\t\t\t\t<div class=\"elementor-element elementor-element-d455885 hero-section e-flex e-con-boxed e-con e-parent\" data-id=\"d455885\" data-element_type=\"container\" data-e-type=\"container\" data-settings=\"{&quot;background_background&quot;:&quot;classic&quot;}\">\n\t\t\t\t\t<div class=\"e-con-inner\">\n\t\t\t\t<div class=\"elementor-element elementor-element-7bc0218 elementor-widget-widescreen__width-initial elementor-widget__width-initial elementor-widget-tablet__width-inherit elementor-widget-mobile__width-inherit hero-title hero-subtitle  elementor-widget elementor-widget-image-box\" data-id=\"7bc0218\" data-element_type=\"widget\" data-e-type=\"widget\" data-widget_type=\"image-box.default\">\n\t\t\t\t\t<div class=\"elementor-image-box-wrapper\"><div class=\"elementor-image-box-content\"><h1 class=\"elementor-image-box-title\">Queres <span class=\"destaq\">transformar<\/span> a tua comunidade e desenvolver <span class=\"destaq\">o teu potencial?<\/span><\/h1><p class=\"elementor-image-box-description\">Este \u00e9 o primeiro passo para entrares nos Laborat\u00f3rios de Inova\u00e7\u00e3o, na Acelera\u00e7\u00e3o de Neg\u00f3cios e na Incuba\u00e7\u00e3o de Impacto do BOOST.<\/p><\/div><\/div>\t\t\t\t<\/div>\n\t\t<div class=\"elementor-element elementor-element-c04081f e-con-full e-flex e-con e-child\" data-id=\"c04081f\" data-element_type=\"container\" data-e-type=\"container\">\n\t\t\t\t<div class=\"elementor-element elementor-element-ce9089c btn elementor-widget elementor-widget-button\" data-id=\"ce9089c\" data-element_type=\"widget\" data-e-type=\"widget\" data-widget_type=\"button.default\">\n\t\t\t\t\t\t\t\t\t\t<a class=\"elementor-button elementor-button-link elementor-size-sm\" href=\"#\">\n\t\t\t\t\t\t<span class=\"elementor-button-content-wrapper\">\n\t\t\t\t\t\t<span class=\"elementor-button-icon\">\n\t\t\t\t<svg xmlns=\"http:\/\/www.w3.org\/2000\/svg\" width=\"14\" height=\"14\" viewBox=\"0 0 14 14\" fill=\"none\"><path d=\"M13.5004 0.75V10.5C13.5004 10.6989 13.4214 10.8897 13.2807 11.0303C13.1401 11.171 12.9493 11.25 12.7504 11.25C12.5515 11.25 12.3607 11.171 12.2201 11.0303C12.0794 10.8897 12.0004 10.6989 12.0004 10.5V2.56031L1.28104 13.2806C1.14031 13.4214 0.94944 13.5004 0.750417 13.5004C0.551394 13.5004 0.360523 13.4214 0.219792 13.2806C0.0790615 13.1399 0 12.949 0 12.75C0 12.551 0.0790615 12.3601 0.219792 12.2194L10.9401 1.5H3.00042C2.8015 1.5 2.61074 1.42098 2.47009 1.28033C2.32943 1.13968 2.25042 0.948912 2.25042 0.75C2.25042 0.551088 2.32943 0.360322 2.47009 0.21967C2.61074 0.0790178 2.8015 0 3.00042 0H12.7504C12.9493 0 13.1401 0.0790178 13.2807 0.21967C13.4214 0.360322 13.5004 0.551088 13.5004 0.75Z\" fill=\"white\"><\/path><\/svg>\t\t\t<\/span>\n\t\t\t\t\t\t\t\t\t<span class=\"elementor-button-text\">Quero participar<\/span>\n\t\t\t\t\t<\/span>\n\t\t\t\t\t<\/a>\n\t\t\t\t\t\t\t\t<\/div>\n\t\t\t\t<div class=\"elementor-element elementor-element-018018e elementor-widget elementor-widget-button\" data-id=\"018018e\" data-element_type=\"widget\" data-e-type=\"widget\" data-widget_type=\"button.default\">\n\t\t\t\t\t\t\t\t\t\t<a class=\"elementor-button elementor-button-link elementor-size-sm\" href=\"#\">\n\t\t\t\t\t\t<span class=\"elementor-button-content-wrapper\">\n\t\t\t\t\t\t\t\t\t<span class=\"elementor-button-text\">Quero saber mais<\/span>\n\t\t\t\t\t<\/span>\n\t\t\t\t\t<\/a>\n\t\t\t\t\t\t\t\t<\/div>\n\t\t\t\t<\/div>\n\t\t\t\t<div class=\"elementor-element elementor-element-1c25b19 elementor-widget__width-initial elementor-widget-widescreen__width-initial elementor-widget-mobile__width-inherit elementor-widget elementor-widget-image\" data-id=\"1c25b19\" data-element_type=\"widget\" data-e-type=\"widget\" data-widget_type=\"image.default\">\n\t\t\t\t\t\t\t\t\t\t\t\t\t\t\t<img fetchpriority=\"high\" decoding=\"async\" width=\"2000\" height=\"1125\" src=\"https:\/\/boostmatosinhos.com\/wp-content\/uploads\/2026\/02\/8babdc64e69fc6f4f9c1a66c0815e1ce860e0887.webp\" class=\"attachment-full size-full wp-image-110\" alt=\"\" srcset=\"https:\/\/boostmatosinhos.com\/wp-content\/uploads\/2026\/02\/8babdc64e69fc6f4f9c1a66c0815e1ce860e0887.webp 2000w, https:\/\/boostmatosinhos.com\/wp-content\/uploads\/2026\/02\/8babdc64e69fc6f4f9c1a66c0815e1ce860e0887-300x169.webp 300w, https:\/\/boostmatosinhos.com\/wp-content\/uploads\/2026\/02\/8babdc64e69fc6f4f9c1a66c0815e1ce860e0887-1024x576.webp 1024w, https:\/\/boostmatosinhos.com\/wp-content\/uploads\/2026\/02\/8babdc64e69fc6f4f9c1a66c0815e1ce860e0887-768x432.webp 768w, https:\/\/boostmatosinhos.com\/wp-content\/uploads\/2026\/02\/8babdc64e69fc6f4f9c1a66c0815e1ce860e0887-1536x864.webp 1536w\" sizes=\"(max-width: 2000px) 100vw, 2000px\" \/>\t\t\t\t\t\t\t\t\t\t\t\t\t\t\t<\/div>\n\t\t\t\t\t<\/div>\n\t\t\t\t<\/div>\n\t\t<div class=\"elementor-element elementor-element-88185aa e-flex e-con-boxed e-con e-parent\" data-id=\"88185aa\" data-element_type=\"container\" data-e-type=\"container\" data-settings=\"{&quot;background_background&quot;:&quot;classic&quot;}\">\n\t\t\t\t\t<div class=\"e-con-inner\">\n\t\t\t\t<div class=\"elementor-element elementor-element-6c25a88 elementor-widget-widescreen__width-initial elementor-widget__width-initial elementor-widget elementor-widget-image-box\" data-id=\"6c25a88\" data-element_type=\"widget\" data-e-type=\"widget\" data-widget_type=\"image-box.default\">\n\t\t\t\t\t<div class=\"elementor-image-box-wrapper\"><div class=\"elementor-image-box-content\"><h2 class=\"elementor-image-box-title\">Tens entre <span class=\"destaq\">15 e 35 anos<\/span> e queres fazer parte da mudan\u00e7a?<\/h2><p class=\"elementor-image-box-description\">Preenche o formul\u00e1rio e junta-te \u00e0 nossa comunidade de jovens criadores de impacto no BOOST \u2014 um espa\u00e7o para aprender, criar e transformar o teu territ\u00f3rio.\n<br>\n<b>Mostra-nos quem \u00e9s, o que te inspira e que ideias queres ver ganhar vida em Matosinhos!<\/b>\n<br>\nSe representas uma organiza\u00e7\u00e3o, tamb\u00e9m podes participar como parceiro comunit\u00e1rio ou mentor de impacto.<\/p><\/div><\/div>\t\t\t\t<\/div>\n\t\t\t\t<div class=\"elementor-element elementor-element-bb0be4e elementor-button-align-stretch elementor-widget elementor-widget-form\" data-id=\"bb0be4e\" data-element_type=\"widget\" data-e-type=\"widget\" data-settings=\"{&quot;step_next_label&quot;:&quot;Next&quot;,&quot;step_previous_label&quot;:&quot;Previous&quot;,&quot;button_width&quot;:&quot;100&quot;,&quot;step_type&quot;:&quot;number_text&quot;,&quot;step_icon_shape&quot;:&quot;circle&quot;}\" data-widget_type=\"form.default\">\n\t\t\t\t\t\t\t<form class=\"elementor-form\" method=\"post\" name=\"Participar\" aria-label=\"Participar\">\n\t\t\t<input type=\"hidden\" name=\"post_id\" value=\"74\"\/>\n\t\t\t<input type=\"hidden\" name=\"form_id\" value=\"bb0be4e\"\/>\n\t\t\t<input type=\"hidden\" name=\"referer_title\" value=\"Participar - Boost Matosinhos\" \/>\n\n\t\t\t\t\t\t\t<input type=\"hidden\" name=\"queried_id\" value=\"74\"\/>\n\t\t\t\n\t\t\t<div class=\"elementor-form-fields-wrapper elementor-labels-above\">\n\t\t\t\t\t\t\t\t<div class=\"elementor-field-type-text elementor-field-group elementor-column elementor-field-group-name elementor-col-100\">\n\t\t\t\t\t\t\t\t\t\t\t\t<label for=\"form-field-name\" class=\"elementor-field-label\">\n\t\t\t\t\t\t\t\tNome\t\t\t\t\t\t\t<\/label>\n\t\t\t\t\t\t\t\t\t\t\t\t\t\t<input size=\"1\" type=\"text\" name=\"form_fields[name]\" id=\"form-field-name\" class=\"elementor-field elementor-size-sm  elementor-field-textual\" placeholder=\"Seu nome\">\n\t\t\t\t\t\t\t\t\t\t\t<\/div>\n\t\t\t\t\t\t\t\t<div class=\"elementor-field-type-email elementor-field-group elementor-column elementor-field-group-email elementor-col-100 elementor-field-required\">\n\t\t\t\t\t\t\t\t\t\t\t\t<label for=\"form-field-email\" class=\"elementor-field-label\">\n\t\t\t\t\t\t\t\tEmail\t\t\t\t\t\t\t<\/label>\n\t\t\t\t\t\t\t\t\t\t\t\t\t\t<input size=\"1\" type=\"email\" name=\"form_fields[email]\" id=\"form-field-email\" class=\"elementor-field elementor-size-sm  elementor-field-textual\" placeholder=\"Seu email\" required=\"required\">\n\t\t\t\t\t\t\t\t\t\t\t<\/div>\n\t\t\t\t\t\t\t\t<div class=\"elementor-field-type-textarea elementor-field-group elementor-column elementor-field-group-message elementor-col-100\">\n\t\t\t\t\t\t\t\t\t\t\t\t<label for=\"form-field-message\" class=\"elementor-field-label\">\n\t\t\t\t\t\t\t\tMensagem\t\t\t\t\t\t\t<\/label>\n\t\t\t\t\t\t<textarea class=\"elementor-field-textual elementor-field  elementor-size-sm\" name=\"form_fields[message]\" id=\"form-field-message\" rows=\"4\" placeholder=\"Escreva sua mensagem...\"><\/textarea>\t\t\t\t<\/div>\n\t\t\t\t\t\t\t\t<div class=\"elementor-field-group elementor-column elementor-field-type-submit elementor-col-100 e-form__buttons\">\n\t\t\t\t\t<button class=\"elementor-button elementor-size-sm\" type=\"submit\">\n\t\t\t\t\t\t<span class=\"elementor-button-content-wrapper\">\n\t\t\t\t\t\t\t\t\t\t\t\t\t\t\t\t\t\t\t\t\t\t<span class=\"elementor-button-text\">Enviar<\/span>\n\t\t\t\t\t\t\t\t\t\t\t\t\t<\/span>\n\t\t\t\t\t<\/button>\n\t\t\t\t<\/div>\n\t\t\t<\/div>\n\t\t<\/form>\n\t\t\t\t\t\t<\/div>\n\t\t\t\t\t<\/div>\n\t\t\t\t<\/div>\n\t\t\t\t<\/div>\n\t\t","protected":false},"excerpt":{"rendered":"<p>Queres transformar a tua comunidade e desenvolver o teu potencial? Este \u00e9 o primeiro passo para entrares nos Laborat\u00f3rios de Inova\u00e7\u00e3o, na Acelera\u00e7\u00e3o de Neg\u00f3cios e na Incuba\u00e7\u00e3o de Impacto do BOOST. Quero participar Quero saber mais Tens entre 15 e 35 anos e queres fazer parte da mudan\u00e7a? Preenche o formul\u00e1rio e junta-te \u00e0 [&hellip;]<\/p>\n","protected":false},"author":1,"featured_media":0,"parent":0,"menu_order":0,"comment_status":"closed","ping_status":"closed","template":"","meta":{"footnotes":""},"class_list":["post-74","page","type-page","status-publish","hentry"],"yoast_head":"<!-- This site is optimized with the Yoast SEO plugin v27.5 - https:\/\/yoast.com\/product\/yoast-seo-wordpress\/ -->\n<title>Participar - Boost Matosinhos<\/title>\n<meta name=\"description\" content=\"Este \u00e9 o primeiro passo para entrares nos Laborat\u00f3rios de Inova\u00e7\u00e3o, na Acelera\u00e7\u00e3o de Neg\u00f3cios e na Incuba\u00e7\u00e3o de Impacto do BOOST.\" \/>\n<meta name=\"robots\" content=\"index, follow, max-snippet:-1, max-image-preview:large, max-video-preview:-1\" \/>\n<link rel=\"canonical\" href=\"https:\/\/boostmatosinhos.com\/en\/participate\/\" \/>\n<meta property=\"og:locale\" content=\"en_US\" \/>\n<meta property=\"og:type\" content=\"article\" \/>\n<meta property=\"og:title\" content=\"Participar - Boost Matosinhos\" \/>\n<meta property=\"og:description\" content=\"Este \u00e9 o primeiro passo para entrares nos Laborat\u00f3rios de Inova\u00e7\u00e3o, na Acelera\u00e7\u00e3o de Neg\u00f3cios e na Incuba\u00e7\u00e3o de Impacto do BOOST.\" \/>\n<meta property=\"og:url\" content=\"https:\/\/boostmatosinhos.com\/en\/participate\/\" \/>\n<meta property=\"og:site_name\" content=\"Boost Matosinhos\" \/>\n<meta property=\"article:modified_time\" content=\"2026-02-12T11:11:51+00:00\" \/>\n<meta property=\"og:image\" content=\"https:\/\/boostmatosinhos.com\/wp-content\/uploads\/2026\/02\/8babdc64e69fc6f4f9c1a66c0815e1ce860e0887.webp\" \/>\n<meta name=\"twitter:card\" content=\"summary_large_image\" \/>\n<meta name=\"twitter:label1\" content=\"Est. reading time\" \/>\n\t<meta name=\"twitter:data1\" content=\"1 minute\" \/>\n<script type=\"application\/ld+json\" class=\"yoast-schema-graph\">{\"@context\":\"https:\\\/\\\/schema.org\",\"@graph\":[{\"@type\":\"WebPage\",\"@id\":\"https:\\\/\\\/boostmatosinhos.com\\\/participar\\\/\",\"url\":\"https:\\\/\\\/boostmatosinhos.com\\\/participar\\\/\",\"name\":\"Participar - Boost Matosinhos\",\"isPartOf\":{\"@id\":\"https:\\\/\\\/boostmatosinhos.com\\\/#website\"},\"primaryImageOfPage\":{\"@id\":\"https:\\\/\\\/boostmatosinhos.com\\\/participar\\\/#primaryimage\"},\"image\":{\"@id\":\"https:\\\/\\\/boostmatosinhos.com\\\/participar\\\/#primaryimage\"},\"thumbnailUrl\":\"https:\\\/\\\/boostmatosinhos.com\\\/wp-content\\\/uploads\\\/2026\\\/02\\\/8babdc64e69fc6f4f9c1a66c0815e1ce860e0887.webp\",\"datePublished\":\"2026-02-09T19:04:25+00:00\",\"dateModified\":\"2026-02-12T11:11:51+00:00\",\"description\":\"Este \u00e9 o primeiro passo para entrares nos Laborat\u00f3rios de Inova\u00e7\u00e3o, na Acelera\u00e7\u00e3o de Neg\u00f3cios e na Incuba\u00e7\u00e3o de Impacto do BOOST.\",\"breadcrumb\":{\"@id\":\"https:\\\/\\\/boostmatosinhos.com\\\/participar\\\/#breadcrumb\"},\"inLanguage\":\"en-US\",\"potentialAction\":[{\"@type\":\"ReadAction\",\"target\":[\"https:\\\/\\\/boostmatosinhos.com\\\/participar\\\/\"]}]},{\"@type\":\"ImageObject\",\"inLanguage\":\"en-US\",\"@id\":\"https:\\\/\\\/boostmatosinhos.com\\\/participar\\\/#primaryimage\",\"url\":\"https:\\\/\\\/boostmatosinhos.com\\\/wp-content\\\/uploads\\\/2026\\\/02\\\/8babdc64e69fc6f4f9c1a66c0815e1ce860e0887.webp\",\"contentUrl\":\"https:\\\/\\\/boostmatosinhos.com\\\/wp-content\\\/uploads\\\/2026\\\/02\\\/8babdc64e69fc6f4f9c1a66c0815e1ce860e0887.webp\"},{\"@type\":\"BreadcrumbList\",\"@id\":\"https:\\\/\\\/boostmatosinhos.com\\\/participar\\\/#breadcrumb\",\"itemListElement\":[{\"@type\":\"ListItem\",\"position\":1,\"name\":\"In\u00edcio\",\"item\":\"https:\\\/\\\/boostmatosinhos.com\\\/\"},{\"@type\":\"ListItem\",\"position\":2,\"name\":\"Participar\"}]},{\"@type\":\"WebSite\",\"@id\":\"https:\\\/\\\/boostmatosinhos.com\\\/#website\",\"url\":\"https:\\\/\\\/boostmatosinhos.com\\\/\",\"name\":\"Boost Matosinhos\",\"description\":\"Parceria para a Inova\u00e7\u00e3o Social\",\"publisher\":{\"@id\":\"https:\\\/\\\/boostmatosinhos.com\\\/#organization\"},\"potentialAction\":[{\"@type\":\"SearchAction\",\"target\":{\"@type\":\"EntryPoint\",\"urlTemplate\":\"https:\\\/\\\/boostmatosinhos.com\\\/?s={search_term_string}\"},\"query-input\":{\"@type\":\"PropertyValueSpecification\",\"valueRequired\":true,\"valueName\":\"search_term_string\"}}],\"inLanguage\":\"en-US\"},{\"@type\":\"Organization\",\"@id\":\"https:\\\/\\\/boostmatosinhos.com\\\/#organization\",\"name\":\"Boost Matosinhos\",\"url\":\"https:\\\/\\\/boostmatosinhos.com\\\/\",\"logo\":{\"@type\":\"ImageObject\",\"inLanguage\":\"en-US\",\"@id\":\"https:\\\/\\\/boostmatosinhos.com\\\/#\\\/schema\\\/logo\\\/image\\\/\",\"url\":\"https:\\\/\\\/boostmatosinhos.com\\\/wp-content\\\/uploads\\\/2026\\\/02\\\/PBS_IXH_Boost_Logo-RGB.svg\",\"contentUrl\":\"https:\\\/\\\/boostmatosinhos.com\\\/wp-content\\\/uploads\\\/2026\\\/02\\\/PBS_IXH_Boost_Logo-RGB.svg\",\"width\":609,\"height\":118,\"caption\":\"Boost Matosinhos\"},\"image\":{\"@id\":\"https:\\\/\\\/boostmatosinhos.com\\\/#\\\/schema\\\/logo\\\/image\\\/\"}}]}<\/script>\n<!-- \/ Yoast SEO plugin. -->","yoast_head_json":{"title":"Participar - Boost Matosinhos","description":"This is the first step to joining BOOST's\nInnovation Labs, Business Acceleration, and Impact Incubation.","robots":{"index":"index","follow":"follow","max-snippet":"max-snippet:-1","max-image-preview":"max-image-preview:large","max-video-preview":"max-video-preview:-1"},"canonical":"https:\/\/boostmatosinhos.com\/en\/participate\/","og_locale":"en_US","og_type":"article","og_title":"Participar - Boost Matosinhos","og_description":"Este \u00e9 o primeiro passo para entrares nos Laborat\u00f3rios de Inova\u00e7\u00e3o, na Acelera\u00e7\u00e3o de Neg\u00f3cios e na Incuba\u00e7\u00e3o de Impacto do BOOST.","og_url":"https:\/\/boostmatosinhos.com\/en\/participate\/","og_site_name":"Boost Matosinhos","article_modified_time":"2026-02-12T11:11:51+00:00","og_image":[{"url":"https:\/\/boostmatosinhos.com\/wp-content\/uploads\/2026\/02\/8babdc64e69fc6f4f9c1a66c0815e1ce860e0887.webp","type":"","width":"","height":""}],"twitter_card":"summary_large_image","twitter_misc":{"Est. reading time":"1 minute"},"schema":{"@context":"https:\/\/schema.org","@graph":[{"@type":"WebPage","@id":"https:\/\/boostmatosinhos.com\/participar\/","url":"https:\/\/boostmatosinhos.com\/participar\/","name":"Participar - Boost Matosinhos","isPartOf":{"@id":"https:\/\/boostmatosinhos.com\/#website"},"primaryImageOfPage":{"@id":"https:\/\/boostmatosinhos.com\/participar\/#primaryimage"},"image":{"@id":"https:\/\/boostmatosinhos.com\/participar\/#primaryimage"},"thumbnailUrl":"https:\/\/boostmatosinhos.com\/wp-content\/uploads\/2026\/02\/8babdc64e69fc6f4f9c1a66c0815e1ce860e0887.webp","datePublished":"2026-02-09T19:04:25+00:00","dateModified":"2026-02-12T11:11:51+00:00","description":"This is the first step to joining BOOST's\nInnovation Labs, Business Acceleration, and Impact Incubation.","breadcrumb":{"@id":"https:\/\/boostmatosinhos.com\/participar\/#breadcrumb"},"inLanguage":"en-US","potentialAction":[{"@type":"ReadAction","target":["https:\/\/boostmatosinhos.com\/participar\/"]}]},{"@type":"ImageObject","inLanguage":"en-US","@id":"https:\/\/boostmatosinhos.com\/participar\/#primaryimage","url":"https:\/\/boostmatosinhos.com\/wp-content\/uploads\/2026\/02\/8babdc64e69fc6f4f9c1a66c0815e1ce860e0887.webp","contentUrl":"https:\/\/boostmatosinhos.com\/wp-content\/uploads\/2026\/02\/8babdc64e69fc6f4f9c1a66c0815e1ce860e0887.webp"},{"@type":"BreadcrumbList","@id":"https:\/\/boostmatosinhos.com\/participar\/#breadcrumb","itemListElement":[{"@type":"ListItem","position":1,"name":"In\u00edcio","item":"https:\/\/boostmatosinhos.com\/"},{"@type":"ListItem","position":2,"name":"Participar"}]},{"@type":"WebSite","@id":"https:\/\/boostmatosinhos.com\/#website","url":"https:\/\/boostmatosinhos.com\/","name":"Boost Matosinhos","description":"Parceria para a Inova\u00e7\u00e3o Social","publisher":{"@id":"https:\/\/boostmatosinhos.com\/#organization"},"potentialAction":[{"@type":"SearchAction","target":{"@type":"EntryPoint","urlTemplate":"https:\/\/boostmatosinhos.com\/?s={search_term_string}"},"query-input":{"@type":"PropertyValueSpecification","valueRequired":true,"valueName":"search_term_string"}}],"inLanguage":"en-US"},{"@type":"Organization","@id":"https:\/\/boostmatosinhos.com\/#organization","name":"Boost Matosinhos","url":"https:\/\/boostmatosinhos.com\/","logo":{"@type":"ImageObject","inLanguage":"en-US","@id":"https:\/\/boostmatosinhos.com\/#\/schema\/logo\/image\/","url":"https:\/\/boostmatosinhos.com\/wp-content\/uploads\/2026\/02\/PBS_IXH_Boost_Logo-RGB.svg","contentUrl":"https:\/\/boostmatosinhos.com\/wp-content\/uploads\/2026\/02\/PBS_IXH_Boost_Logo-RGB.svg","width":609,"height":118,"caption":"Boost Matosinhos"},"image":{"@id":"https:\/\/boostmatosinhos.com\/#\/schema\/logo\/image\/"}}]}},"_links":{"self":[{"href":"https:\/\/boostmatosinhos.com\/en\/wp-json\/wp\/v2\/pages\/74","targetHints":{"allow":["GET"]}}],"collection":[{"href":"https:\/\/boostmatosinhos.com\/en\/wp-json\/wp\/v2\/pages"}],"about":[{"href":"https:\/\/boostmatosinhos.com\/en\/wp-json\/wp\/v2\/types\/page"}],"author":[{"embeddable":true,"href":"https:\/\/boostmatosinhos.com\/en\/wp-json\/wp\/v2\/users\/1"}],"replies":[{"embeddable":true,"href":"https:\/\/boostmatosinhos.com\/en\/wp-json\/wp\/v2\/comments?post=74"}],"version-history":[{"count":43,"href":"https:\/\/boostmatosinhos.com\/en\/wp-json\/wp\/v2\/pages\/74\/revisions"}],"predecessor-version":[{"id":290,"href":"https:\/\/boostmatosinhos.com\/en\/wp-json\/wp\/v2\/pages\/74\/revisions\/290"}],"wp:attachment":[{"href":"https:\/\/boostmatosinhos.com\/en\/wp-json\/wp\/v2\/media?parent=74"}],"curies":[{"name":"wp","href":"https:\/\/api.w.org\/{rel}","templated":true}]}}