{"id":76,"date":"2026-02-09T19:04:33","date_gmt":"2026-02-09T19:04:33","guid":{"rendered":"https:\/\/boostmatosinhos.com\/?page_id=76"},"modified":"2026-02-12T11:10:27","modified_gmt":"2026-02-12T11:10:27","slug":"cocreation","status":"publish","type":"page","link":"https:\/\/boostmatosinhos.com\/en\/cocriacao\/","title":{"rendered":"Co-creation"},"content":{"rendered":"<div data-elementor-type=\"wp-page\" data-elementor-id=\"76\" class=\"elementor elementor-76\" data-elementor-post-type=\"page\">\n\t\t\t\t<div class=\"elementor-element elementor-element-d3a30dc hero-section e-flex e-con-boxed e-con e-parent\" data-id=\"d3a30dc\" data-element_type=\"container\" data-e-type=\"container\" data-settings=\"{&quot;background_background&quot;:&quot;classic&quot;}\">\n\t\t\t\t\t<div class=\"e-con-inner\">\n\t\t\t\t<div class=\"elementor-element elementor-element-4d517da elementor-widget-widescreen__width-initial elementor-widget__width-initial elementor-widget-tablet__width-inherit elementor-widget-mobile__width-inherit hero-title hero-subtitle  elementor-widget elementor-widget-image-box\" data-id=\"4d517da\" data-element_type=\"widget\" data-e-type=\"widget\" data-widget_type=\"image-box.default\">\n\t\t\t\t\t<div class=\"elementor-image-box-wrapper\"><div class=\"elementor-image-box-content\"><h1 class=\"elementor-image-box-title\">Innovation is built with <span class=\"destaq\">communities<\/span>, starting from their real challenges <span class=\"destaq\">and ambitions.<\/span><\/h1><p class=\"elementor-image-box-description\">In the Co-creation Labs, young people and communities come together to identify local challenges, imagine\nsolutions, and test new forms of impact.<\/p><\/div><\/div>\t\t\t\t<\/div>\n\t\t\t\t<div class=\"elementor-element elementor-element-4786e31 btn elementor-widget elementor-widget-button\" data-id=\"4786e31\" data-element_type=\"widget\" data-e-type=\"widget\" data-widget_type=\"button.default\">\n\t\t\t\t\t\t\t\t\t\t<a class=\"elementor-button elementor-button-link elementor-size-sm\" href=\"#\">\n\t\t\t\t\t\t<span class=\"elementor-button-content-wrapper\">\n\t\t\t\t\t\t<span class=\"elementor-button-icon\">\n\t\t\t\t<svg xmlns=\"http:\/\/www.w3.org\/2000\/svg\" width=\"14\" height=\"14\" viewbox=\"0 0 14 14\" fill=\"none\"><path d=\"M13.5004 0.75V10.5C13.5004 10.6989 13.4214 10.8897 13.2807 11.0303C13.1401 11.171 12.9493 11.25 12.7504 11.25C12.5515 11.25 12.3607 11.171 12.2201 11.0303C12.0794 10.8897 12.0004 10.6989 12.0004 10.5V2.56031L1.28104 13.2806C1.14031 13.4214 0.94944 13.5004 0.750417 13.5004C0.551394 13.5004 0.360523 13.4214 0.219792 13.2806C0.0790615 13.1399 0 12.949 0 12.75C0 12.551 0.0790615 12.3601 0.219792 12.2194L10.9401 1.5H3.00042C2.8015 1.5 2.61074 1.42098 2.47009 1.28033C2.32943 1.13968 2.25042 0.948912 2.25042 0.75C2.25042 0.551088 2.32943 0.360322 2.47009 0.21967C2.61074 0.0790178 2.8015 0 3.00042 0H12.7504C12.9493 0 13.1401 0.0790178 13.2807 0.21967C13.4214 0.360322 13.5004 0.551088 13.5004 0.75Z\" fill=\"white\"><\/path><\/svg>\t\t\t<\/span>\n\t\t\t\t\t\t\t\t\t<span class=\"elementor-button-text\">Explore projects<\/span>\n\t\t\t\t\t<\/span>\n\t\t\t\t\t<\/a>\n\t\t\t\t\t\t\t\t<\/div>\n\t\t\t\t<div class=\"elementor-element elementor-element-32cc0a6 elementor-widget__width-initial elementor-widget-widescreen__width-initial elementor-widget-mobile__width-inherit elementor-widget-tablet__width-inherit elementor-widget elementor-widget-image\" data-id=\"32cc0a6\" data-element_type=\"widget\" data-e-type=\"widget\" data-widget_type=\"image.default\">\n\t\t\t\t\t\t\t\t\t\t\t\t\t\t\t<img fetchpriority=\"high\" decoding=\"async\" width=\"973\" height=\"706\" src=\"https:\/\/boostmatosinhos.com\/wp-content\/uploads\/2026\/02\/cocriacao-boost-matosinhos.webp\" class=\"attachment-full size-full wp-image-117\" alt=\"\" srcset=\"https:\/\/boostmatosinhos.com\/wp-content\/uploads\/2026\/02\/cocriacao-boost-matosinhos.webp 973w, https:\/\/boostmatosinhos.com\/wp-content\/uploads\/2026\/02\/cocriacao-boost-matosinhos-300x218.webp 300w, https:\/\/boostmatosinhos.com\/wp-content\/uploads\/2026\/02\/cocriacao-boost-matosinhos-768x557.webp 768w\" sizes=\"(max-width: 973px) 100vw, 973px\" \/>\t\t\t\t\t\t\t\t\t\t\t\t\t\t\t<\/div>\n\t\t\t\t\t<\/div>\n\t\t\t\t<\/div>\n\t\t\t\t<\/div>","protected":false},"excerpt":{"rendered":"<p>A inova\u00e7\u00e3o \u00e9 constru\u00edda com as comunidades, a partir dos seus desafios e ambi\u00e7\u00f5es reais. Nos Laborat\u00f3rios de Cocria\u00e7\u00e3o, jovens e comunidade unem for\u00e7as para identificar desafios locais, imaginar solu\u00e7\u00f5es e testar novas formas de impacto. Explora os projetos<\/p>","protected":false},"author":1,"featured_media":0,"parent":0,"menu_order":0,"comment_status":"closed","ping_status":"closed","template":"","meta":{"footnotes":""},"class_list":["post-76","page","type-page","status-publish","hentry"],"yoast_head":"<!-- This site is optimized with the Yoast SEO plugin v27.5 - https:\/\/yoast.com\/product\/yoast-seo-wordpress\/ -->\n<title>Cocria\u00e7\u00e3o - Boost Matosinhos<\/title>\n<meta name=\"description\" content=\"Nos Laborat\u00f3rios de Cocria\u00e7\u00e3o, jovens e comunidade unem for\u00e7as para identificar desafios locais, imaginar solu\u00e7\u00f5es e testar formas de impacto.\" \/>\n<meta name=\"robots\" content=\"index, follow, max-snippet:-1, max-image-preview:large, max-video-preview:-1\" \/>\n<link rel=\"canonical\" href=\"https:\/\/boostmatosinhos.com\/en\/cocreation\/\" \/>\n<meta property=\"og:locale\" content=\"en_US\" \/>\n<meta property=\"og:type\" content=\"article\" \/>\n<meta property=\"og:title\" content=\"Cocria\u00e7\u00e3o - Boost Matosinhos\" \/>\n<meta property=\"og:description\" content=\"Nos Laborat\u00f3rios de Cocria\u00e7\u00e3o, jovens e comunidade unem for\u00e7as para identificar desafios locais, imaginar solu\u00e7\u00f5es e testar formas de impacto.\" \/>\n<meta property=\"og:url\" content=\"https:\/\/boostmatosinhos.com\/en\/cocreation\/\" \/>\n<meta property=\"og:site_name\" content=\"Boost Matosinhos\" \/>\n<meta property=\"article:modified_time\" content=\"2026-02-12T11:10:27+00:00\" \/>\n<meta property=\"og:image\" content=\"https:\/\/boostmatosinhos.com\/wp-content\/uploads\/2026\/02\/cocriacao-boost-matosinhos.webp\" \/>\n<meta name=\"twitter:card\" content=\"summary_large_image\" \/>\n<meta name=\"twitter:label1\" content=\"Est. reading time\" \/>\n\t<meta name=\"twitter:data1\" content=\"1 minute\" \/>\n<script type=\"application\/ld+json\" class=\"yoast-schema-graph\">{\"@context\":\"https:\\\/\\\/schema.org\",\"@graph\":[{\"@type\":\"WebPage\",\"@id\":\"https:\\\/\\\/boostmatosinhos.com\\\/cocriacao\\\/\",\"url\":\"https:\\\/\\\/boostmatosinhos.com\\\/cocriacao\\\/\",\"name\":\"Cocria\u00e7\u00e3o - Boost Matosinhos\",\"isPartOf\":{\"@id\":\"https:\\\/\\\/boostmatosinhos.com\\\/#website\"},\"primaryImageOfPage\":{\"@id\":\"https:\\\/\\\/boostmatosinhos.com\\\/cocriacao\\\/#primaryimage\"},\"image\":{\"@id\":\"https:\\\/\\\/boostmatosinhos.com\\\/cocriacao\\\/#primaryimage\"},\"thumbnailUrl\":\"https:\\\/\\\/boostmatosinhos.com\\\/wp-content\\\/uploads\\\/2026\\\/02\\\/cocriacao-boost-matosinhos.webp\",\"datePublished\":\"2026-02-09T19:04:33+00:00\",\"dateModified\":\"2026-02-12T11:10:27+00:00\",\"description\":\"Nos Laborat\u00f3rios de Cocria\u00e7\u00e3o, jovens e comunidade unem for\u00e7as para identificar desafios locais, imaginar solu\u00e7\u00f5es e testar formas de impacto.\",\"breadcrumb\":{\"@id\":\"https:\\\/\\\/boostmatosinhos.com\\\/cocriacao\\\/#breadcrumb\"},\"inLanguage\":\"en-US\",\"potentialAction\":[{\"@type\":\"ReadAction\",\"target\":[\"https:\\\/\\\/boostmatosinhos.com\\\/cocriacao\\\/\"]}]},{\"@type\":\"ImageObject\",\"inLanguage\":\"en-US\",\"@id\":\"https:\\\/\\\/boostmatosinhos.com\\\/cocriacao\\\/#primaryimage\",\"url\":\"https:\\\/\\\/boostmatosinhos.com\\\/wp-content\\\/uploads\\\/2026\\\/02\\\/cocriacao-boost-matosinhos.webp\",\"contentUrl\":\"https:\\\/\\\/boostmatosinhos.com\\\/wp-content\\\/uploads\\\/2026\\\/02\\\/cocriacao-boost-matosinhos.webp\"},{\"@type\":\"BreadcrumbList\",\"@id\":\"https:\\\/\\\/boostmatosinhos.com\\\/cocriacao\\\/#breadcrumb\",\"itemListElement\":[{\"@type\":\"ListItem\",\"position\":1,\"name\":\"In\u00edcio\",\"item\":\"https:\\\/\\\/boostmatosinhos.com\\\/\"},{\"@type\":\"ListItem\",\"position\":2,\"name\":\"Cocria\u00e7\u00e3o\"}]},{\"@type\":\"WebSite\",\"@id\":\"https:\\\/\\\/boostmatosinhos.com\\\/#website\",\"url\":\"https:\\\/\\\/boostmatosinhos.com\\\/\",\"name\":\"Boost Matosinhos\",\"description\":\"Parceria para a Inova\u00e7\u00e3o Social\",\"publisher\":{\"@id\":\"https:\\\/\\\/boostmatosinhos.com\\\/#organization\"},\"potentialAction\":[{\"@type\":\"SearchAction\",\"target\":{\"@type\":\"EntryPoint\",\"urlTemplate\":\"https:\\\/\\\/boostmatosinhos.com\\\/?s={search_term_string}\"},\"query-input\":{\"@type\":\"PropertyValueSpecification\",\"valueRequired\":true,\"valueName\":\"search_term_string\"}}],\"inLanguage\":\"en-US\"},{\"@type\":\"Organization\",\"@id\":\"https:\\\/\\\/boostmatosinhos.com\\\/#organization\",\"name\":\"Boost Matosinhos\",\"url\":\"https:\\\/\\\/boostmatosinhos.com\\\/\",\"logo\":{\"@type\":\"ImageObject\",\"inLanguage\":\"en-US\",\"@id\":\"https:\\\/\\\/boostmatosinhos.com\\\/#\\\/schema\\\/logo\\\/image\\\/\",\"url\":\"https:\\\/\\\/boostmatosinhos.com\\\/wp-content\\\/uploads\\\/2026\\\/02\\\/PBS_IXH_Boost_Logo-RGB.svg\",\"contentUrl\":\"https:\\\/\\\/boostmatosinhos.com\\\/wp-content\\\/uploads\\\/2026\\\/02\\\/PBS_IXH_Boost_Logo-RGB.svg\",\"width\":609,\"height\":118,\"caption\":\"Boost Matosinhos\"},\"image\":{\"@id\":\"https:\\\/\\\/boostmatosinhos.com\\\/#\\\/schema\\\/logo\\\/image\\\/\"}}]}<\/script>\n<!-- \/ Yoast SEO plugin. -->","yoast_head_json":{"title":"Cocria\u00e7\u00e3o - Boost Matosinhos","description":"In the Co-creation Labs, young people and the community join forces to identify local challenges, imagine solutions, and test ways to make an impact.","robots":{"index":"index","follow":"follow","max-snippet":"max-snippet:-1","max-image-preview":"max-image-preview:large","max-video-preview":"max-video-preview:-1"},"canonical":"https:\/\/boostmatosinhos.com\/en\/cocreation\/","og_locale":"en_US","og_type":"article","og_title":"Cocria\u00e7\u00e3o - Boost Matosinhos","og_description":"Nos Laborat\u00f3rios de Cocria\u00e7\u00e3o, jovens e comunidade unem for\u00e7as para identificar desafios locais, imaginar solu\u00e7\u00f5es e testar formas de impacto.","og_url":"https:\/\/boostmatosinhos.com\/en\/cocreation\/","og_site_name":"Boost Matosinhos","article_modified_time":"2026-02-12T11:10:27+00:00","og_image":[{"url":"https:\/\/boostmatosinhos.com\/wp-content\/uploads\/2026\/02\/cocriacao-boost-matosinhos.webp","type":"","width":"","height":""}],"twitter_card":"summary_large_image","twitter_misc":{"Est. reading time":"1 minute"},"schema":{"@context":"https:\/\/schema.org","@graph":[{"@type":"WebPage","@id":"https:\/\/boostmatosinhos.com\/cocriacao\/","url":"https:\/\/boostmatosinhos.com\/cocriacao\/","name":"Cocria\u00e7\u00e3o - Boost Matosinhos","isPartOf":{"@id":"https:\/\/boostmatosinhos.com\/#website"},"primaryImageOfPage":{"@id":"https:\/\/boostmatosinhos.com\/cocriacao\/#primaryimage"},"image":{"@id":"https:\/\/boostmatosinhos.com\/cocriacao\/#primaryimage"},"thumbnailUrl":"https:\/\/boostmatosinhos.com\/wp-content\/uploads\/2026\/02\/cocriacao-boost-matosinhos.webp","datePublished":"2026-02-09T19:04:33+00:00","dateModified":"2026-02-12T11:10:27+00:00","description":"In the Co-creation Labs, young people and the community join forces to identify local challenges, imagine solutions, and test ways to make an impact.","breadcrumb":{"@id":"https:\/\/boostmatosinhos.com\/cocriacao\/#breadcrumb"},"inLanguage":"en-US","potentialAction":[{"@type":"ReadAction","target":["https:\/\/boostmatosinhos.com\/cocriacao\/"]}]},{"@type":"ImageObject","inLanguage":"en-US","@id":"https:\/\/boostmatosinhos.com\/cocriacao\/#primaryimage","url":"https:\/\/boostmatosinhos.com\/wp-content\/uploads\/2026\/02\/cocriacao-boost-matosinhos.webp","contentUrl":"https:\/\/boostmatosinhos.com\/wp-content\/uploads\/2026\/02\/cocriacao-boost-matosinhos.webp"},{"@type":"BreadcrumbList","@id":"https:\/\/boostmatosinhos.com\/cocriacao\/#breadcrumb","itemListElement":[{"@type":"ListItem","position":1,"name":"In\u00edcio","item":"https:\/\/boostmatosinhos.com\/"},{"@type":"ListItem","position":2,"name":"Cocria\u00e7\u00e3o"}]},{"@type":"WebSite","@id":"https:\/\/boostmatosinhos.com\/#website","url":"https:\/\/boostmatosinhos.com\/","name":"Boost Matosinhos","description":"Parceria para a Inova\u00e7\u00e3o Social","publisher":{"@id":"https:\/\/boostmatosinhos.com\/#organization"},"potentialAction":[{"@type":"SearchAction","target":{"@type":"EntryPoint","urlTemplate":"https:\/\/boostmatosinhos.com\/?s={search_term_string}"},"query-input":{"@type":"PropertyValueSpecification","valueRequired":true,"valueName":"search_term_string"}}],"inLanguage":"en-US"},{"@type":"Organization","@id":"https:\/\/boostmatosinhos.com\/#organization","name":"Boost Matosinhos","url":"https:\/\/boostmatosinhos.com\/","logo":{"@type":"ImageObject","inLanguage":"en-US","@id":"https:\/\/boostmatosinhos.com\/#\/schema\/logo\/image\/","url":"https:\/\/boostmatosinhos.com\/wp-content\/uploads\/2026\/02\/PBS_IXH_Boost_Logo-RGB.svg","contentUrl":"https:\/\/boostmatosinhos.com\/wp-content\/uploads\/2026\/02\/PBS_IXH_Boost_Logo-RGB.svg","width":609,"height":118,"caption":"Boost Matosinhos"},"image":{"@id":"https:\/\/boostmatosinhos.com\/#\/schema\/logo\/image\/"}}]}},"_links":{"self":[{"href":"https:\/\/boostmatosinhos.com\/en\/wp-json\/wp\/v2\/pages\/76","targetHints":{"allow":["GET"]}}],"collection":[{"href":"https:\/\/boostmatosinhos.com\/en\/wp-json\/wp\/v2\/pages"}],"about":[{"href":"https:\/\/boostmatosinhos.com\/en\/wp-json\/wp\/v2\/types\/page"}],"author":[{"embeddable":true,"href":"https:\/\/boostmatosinhos.com\/en\/wp-json\/wp\/v2\/users\/1"}],"replies":[{"embeddable":true,"href":"https:\/\/boostmatosinhos.com\/en\/wp-json\/wp\/v2\/comments?post=76"}],"version-history":[{"count":19,"href":"https:\/\/boostmatosinhos.com\/en\/wp-json\/wp\/v2\/pages\/76\/revisions"}],"predecessor-version":[{"id":296,"href":"https:\/\/boostmatosinhos.com\/en\/wp-json\/wp\/v2\/pages\/76\/revisions\/296"}],"wp:attachment":[{"href":"https:\/\/boostmatosinhos.com\/en\/wp-json\/wp\/v2\/media?parent=76"}],"curies":[{"name":"wp","href":"https:\/\/api.w.org\/{rel}","templated":true}]}}