{"id":80,"date":"2026-02-09T19:04:47","date_gmt":"2026-02-09T19:04:47","guid":{"rendered":"https:\/\/boostmatosinhos.com\/?page_id=80"},"modified":"2026-02-26T15:39:12","modified_gmt":"2026-02-26T15:39:12","slug":"incubacao","status":"publish","type":"page","link":"https:\/\/boostmatosinhos.com\/en\/incubacao\/","title":{"rendered":"Incubation"},"content":{"rendered":"<div data-elementor-type=\"wp-page\" data-elementor-id=\"80\" class=\"elementor elementor-80\" data-elementor-post-type=\"page\">\n\t\t\t\t<div class=\"elementor-element elementor-element-dccb936 hero-section e-flex e-con-boxed e-con e-parent\" data-id=\"dccb936\" data-element_type=\"container\" data-e-type=\"container\" data-settings=\"{&quot;background_background&quot;:&quot;classic&quot;}\">\n\t\t\t\t\t<div class=\"e-con-inner\">\n\t\t\t\t<div class=\"elementor-element elementor-element-841cb17 elementor-widget-widescreen__width-initial elementor-widget__width-initial elementor-widget-tablet__width-inherit elementor-widget-mobile__width-inherit hero-title hero-subtitle  elementor-widget elementor-widget-image-box\" data-id=\"841cb17\" data-element_type=\"widget\" data-e-type=\"widget\" data-widget_type=\"image-box.default\">\n\t\t\t\t\t<div class=\"elementor-image-box-wrapper\"><div class=\"elementor-image-box-content\"><h1 class=\"elementor-image-box-title translation-block\"><span class=\"destaq\">BOOST\u2019s Impact Incubator<\/span> is where <span class=\"destaq\">solutions grow.<\/span><\/h1><p class=\"elementor-image-box-description\">With physical infrastructure, digital tools, and expert guidance, we help turn prototypes into scalable impact\nbusinesses.<\/p><\/div><\/div>\t\t\t\t<\/div>\n\t\t\t\t<div class=\"elementor-element elementor-element-1bd78b2 btn elementor-widget elementor-widget-button\" data-id=\"1bd78b2\" data-element_type=\"widget\" data-e-type=\"widget\" data-widget_type=\"button.default\">\n\t\t\t\t\t\t\t\t\t\t<a class=\"elementor-button elementor-button-link elementor-size-sm\" href=\"#\">\n\t\t\t\t\t\t<span class=\"elementor-button-content-wrapper\">\n\t\t\t\t\t\t<span class=\"elementor-button-icon\">\n\t\t\t\t<svg xmlns=\"http:\/\/www.w3.org\/2000\/svg\" width=\"14\" height=\"14\" viewbox=\"0 0 14 14\" fill=\"none\"><path d=\"M13.5004 0.75V10.5C13.5004 10.6989 13.4214 10.8897 13.2807 11.0303C13.1401 11.171 12.9493 11.25 12.7504 11.25C12.5515 11.25 12.3607 11.171 12.2201 11.0303C12.0794 10.8897 12.0004 10.6989 12.0004 10.5V2.56031L1.28104 13.2806C1.14031 13.4214 0.94944 13.5004 0.750417 13.5004C0.551394 13.5004 0.360523 13.4214 0.219792 13.2806C0.0790615 13.1399 0 12.949 0 12.75C0 12.551 0.0790615 12.3601 0.219792 12.2194L10.9401 1.5H3.00042C2.8015 1.5 2.61074 1.42098 2.47009 1.28033C2.32943 1.13968 2.25042 0.948912 2.25042 0.75C2.25042 0.551088 2.32943 0.360322 2.47009 0.21967C2.61074 0.0790178 2.8015 0 3.00042 0H12.7504C12.9493 0 13.1401 0.0790178 13.2807 0.21967C13.4214 0.360322 13.5004 0.551088 13.5004 0.75Z\" fill=\"white\"><\/path><\/svg>\t\t\t<\/span>\n\t\t\t\t\t\t\t\t\t<span class=\"elementor-button-text\">Explore incubated projects<\/span>\n\t\t\t\t\t<\/span>\n\t\t\t\t\t<\/a>\n\t\t\t\t\t\t\t\t<\/div>\n\t\t\t\t<div class=\"elementor-element elementor-element-f8f02cb elementor-widget__width-initial elementor-widget-widescreen__width-initial elementor-widget-mobile__width-inherit elementor-widget-tablet__width-inherit elementor-widget elementor-widget-image\" data-id=\"f8f02cb\" data-element_type=\"widget\" data-e-type=\"widget\" data-widget_type=\"image.default\">\n\t\t\t\t\t\t\t\t\t\t\t\t\t\t\t<img fetchpriority=\"high\" decoding=\"async\" width=\"912\" height=\"701\" src=\"https:\/\/boostmatosinhos.com\/wp-content\/uploads\/2026\/02\/incubadora-boost-matosinhos.webp\" class=\"attachment-full size-full wp-image-144\" alt=\"\" srcset=\"https:\/\/boostmatosinhos.com\/wp-content\/uploads\/2026\/02\/incubadora-boost-matosinhos.webp 912w, https:\/\/boostmatosinhos.com\/wp-content\/uploads\/2026\/02\/incubadora-boost-matosinhos-300x231.webp 300w, https:\/\/boostmatosinhos.com\/wp-content\/uploads\/2026\/02\/incubadora-boost-matosinhos-768x590.webp 768w\" sizes=\"(max-width: 912px) 100vw, 912px\" \/>\t\t\t\t\t\t\t\t\t\t\t\t\t\t\t<\/div>\n\t\t\t\t\t<\/div>\n\t\t\t\t<\/div>\n\t\t\t\t<\/div>","protected":false},"excerpt":{"rendered":"<p>A Incubadora de Impacto do BOOST \u00e9 o espa\u00e7o onde as solu\u00e7\u00f5es crescem. Com infraestrutura f\u00edsica, apoio digital e acompanhamento t\u00e9cnico, ajudamos a transformar prot\u00f3tipos em neg\u00f3cios prontos para escalar. Explora os projetos incubados<\/p>","protected":false},"author":1,"featured_media":0,"parent":0,"menu_order":0,"comment_status":"closed","ping_status":"closed","template":"","meta":{"footnotes":""},"class_list":["post-80","page","type-page","status-publish","hentry"],"yoast_head":"<!-- This site is optimized with the Yoast SEO plugin v27.5 - https:\/\/yoast.com\/product\/yoast-seo-wordpress\/ -->\n<title>Incuba\u00e7\u00e3o - Boost Matosinhos<\/title>\n<meta name=\"description\" content=\"Com infraestrutura f\u00edsica, apoio digital e acompanhamento t\u00e9cnico, ajudamos a transformar prot\u00f3tipos em neg\u00f3cios prontos para escalar.\" \/>\n<meta name=\"robots\" content=\"index, follow, max-snippet:-1, max-image-preview:large, max-video-preview:-1\" \/>\n<link rel=\"canonical\" href=\"https:\/\/boostmatosinhos.com\/en\/incubacao\/\" \/>\n<meta property=\"og:locale\" content=\"en_US\" \/>\n<meta property=\"og:type\" content=\"article\" \/>\n<meta property=\"og:title\" content=\"Incuba\u00e7\u00e3o - Boost Matosinhos\" \/>\n<meta property=\"og:description\" content=\"Com infraestrutura f\u00edsica, apoio digital e acompanhamento t\u00e9cnico, ajudamos a transformar prot\u00f3tipos em neg\u00f3cios prontos para escalar.\" \/>\n<meta property=\"og:url\" content=\"https:\/\/boostmatosinhos.com\/en\/incubacao\/\" \/>\n<meta property=\"og:site_name\" content=\"Boost Matosinhos\" \/>\n<meta property=\"article:modified_time\" content=\"2026-02-26T15:39:12+00:00\" \/>\n<meta property=\"og:image\" content=\"https:\/\/boostmatosinhos.com\/wp-content\/uploads\/2026\/02\/incubadora-boost-matosinhos.webp\" \/>\n\t<meta property=\"og:image:width\" content=\"912\" \/>\n\t<meta property=\"og:image:height\" content=\"701\" \/>\n\t<meta property=\"og:image:type\" content=\"image\/webp\" \/>\n<meta name=\"twitter:card\" content=\"summary_large_image\" \/>\n<meta name=\"twitter:label1\" content=\"Est. reading time\" \/>\n\t<meta name=\"twitter:data1\" content=\"1 minute\" \/>\n<script type=\"application\/ld+json\" class=\"yoast-schema-graph\">{\"@context\":\"https:\\\/\\\/schema.org\",\"@graph\":[{\"@type\":\"WebPage\",\"@id\":\"https:\\\/\\\/boostmatosinhos.com\\\/incubacao\\\/\",\"url\":\"https:\\\/\\\/boostmatosinhos.com\\\/incubacao\\\/\",\"name\":\"Incuba\u00e7\u00e3o - Boost Matosinhos\",\"isPartOf\":{\"@id\":\"https:\\\/\\\/boostmatosinhos.com\\\/#website\"},\"primaryImageOfPage\":{\"@id\":\"https:\\\/\\\/boostmatosinhos.com\\\/incubacao\\\/#primaryimage\"},\"image\":{\"@id\":\"https:\\\/\\\/boostmatosinhos.com\\\/incubacao\\\/#primaryimage\"},\"thumbnailUrl\":\"https:\\\/\\\/boostmatosinhos.com\\\/wp-content\\\/uploads\\\/2026\\\/02\\\/incubadora-boost-matosinhos.webp\",\"datePublished\":\"2026-02-09T19:04:47+00:00\",\"dateModified\":\"2026-02-26T15:39:12+00:00\",\"description\":\"Com infraestrutura f\u00edsica, apoio digital e acompanhamento t\u00e9cnico, ajudamos a transformar prot\u00f3tipos em neg\u00f3cios prontos para escalar.\",\"breadcrumb\":{\"@id\":\"https:\\\/\\\/boostmatosinhos.com\\\/incubacao\\\/#breadcrumb\"},\"inLanguage\":\"en-US\",\"potentialAction\":[{\"@type\":\"ReadAction\",\"target\":[\"https:\\\/\\\/boostmatosinhos.com\\\/incubacao\\\/\"]}]},{\"@type\":\"ImageObject\",\"inLanguage\":\"en-US\",\"@id\":\"https:\\\/\\\/boostmatosinhos.com\\\/incubacao\\\/#primaryimage\",\"url\":\"https:\\\/\\\/boostmatosinhos.com\\\/wp-content\\\/uploads\\\/2026\\\/02\\\/incubadora-boost-matosinhos.webp\",\"contentUrl\":\"https:\\\/\\\/boostmatosinhos.com\\\/wp-content\\\/uploads\\\/2026\\\/02\\\/incubadora-boost-matosinhos.webp\"},{\"@type\":\"BreadcrumbList\",\"@id\":\"https:\\\/\\\/boostmatosinhos.com\\\/incubacao\\\/#breadcrumb\",\"itemListElement\":[{\"@type\":\"ListItem\",\"position\":1,\"name\":\"In\u00edcio\",\"item\":\"https:\\\/\\\/boostmatosinhos.com\\\/\"},{\"@type\":\"ListItem\",\"position\":2,\"name\":\"Incuba\u00e7\u00e3o\"}]},{\"@type\":\"WebSite\",\"@id\":\"https:\\\/\\\/boostmatosinhos.com\\\/#website\",\"url\":\"https:\\\/\\\/boostmatosinhos.com\\\/\",\"name\":\"Boost Matosinhos\",\"description\":\"Parceria para a Inova\u00e7\u00e3o Social\",\"publisher\":{\"@id\":\"https:\\\/\\\/boostmatosinhos.com\\\/#organization\"},\"potentialAction\":[{\"@type\":\"SearchAction\",\"target\":{\"@type\":\"EntryPoint\",\"urlTemplate\":\"https:\\\/\\\/boostmatosinhos.com\\\/?s={search_term_string}\"},\"query-input\":{\"@type\":\"PropertyValueSpecification\",\"valueRequired\":true,\"valueName\":\"search_term_string\"}}],\"inLanguage\":\"en-US\"},{\"@type\":\"Organization\",\"@id\":\"https:\\\/\\\/boostmatosinhos.com\\\/#organization\",\"name\":\"Boost Matosinhos\",\"url\":\"https:\\\/\\\/boostmatosinhos.com\\\/\",\"logo\":{\"@type\":\"ImageObject\",\"inLanguage\":\"en-US\",\"@id\":\"https:\\\/\\\/boostmatosinhos.com\\\/#\\\/schema\\\/logo\\\/image\\\/\",\"url\":\"https:\\\/\\\/boostmatosinhos.com\\\/wp-content\\\/uploads\\\/2026\\\/02\\\/PBS_IXH_Boost_Logo-RGB.svg\",\"contentUrl\":\"https:\\\/\\\/boostmatosinhos.com\\\/wp-content\\\/uploads\\\/2026\\\/02\\\/PBS_IXH_Boost_Logo-RGB.svg\",\"width\":609,\"height\":118,\"caption\":\"Boost Matosinhos\"},\"image\":{\"@id\":\"https:\\\/\\\/boostmatosinhos.com\\\/#\\\/schema\\\/logo\\\/image\\\/\"}}]}<\/script>\n<!-- \/ Yoast SEO plugin. -->","yoast_head_json":{"title":"Incuba\u00e7\u00e3o - Boost Matosinhos","description":"With physical infrastructure, digital tools, and expert guidance, we help turn prototypes into scalable impact\nbusinesses.","robots":{"index":"index","follow":"follow","max-snippet":"max-snippet:-1","max-image-preview":"max-image-preview:large","max-video-preview":"max-video-preview:-1"},"canonical":"https:\/\/boostmatosinhos.com\/en\/incubacao\/","og_locale":"en_US","og_type":"article","og_title":"Incuba\u00e7\u00e3o - Boost Matosinhos","og_description":"Com infraestrutura f\u00edsica, apoio digital e acompanhamento t\u00e9cnico, ajudamos a transformar prot\u00f3tipos em neg\u00f3cios prontos para escalar.","og_url":"https:\/\/boostmatosinhos.com\/en\/incubacao\/","og_site_name":"Boost Matosinhos","article_modified_time":"2026-02-26T15:39:12+00:00","og_image":[{"width":912,"height":701,"url":"https:\/\/boostmatosinhos.com\/wp-content\/uploads\/2026\/02\/incubadora-boost-matosinhos.webp","type":"image\/webp"}],"twitter_card":"summary_large_image","twitter_misc":{"Est. reading time":"1 minute"},"schema":{"@context":"https:\/\/schema.org","@graph":[{"@type":"WebPage","@id":"https:\/\/boostmatosinhos.com\/incubacao\/","url":"https:\/\/boostmatosinhos.com\/incubacao\/","name":"Incuba\u00e7\u00e3o - Boost Matosinhos","isPartOf":{"@id":"https:\/\/boostmatosinhos.com\/#website"},"primaryImageOfPage":{"@id":"https:\/\/boostmatosinhos.com\/incubacao\/#primaryimage"},"image":{"@id":"https:\/\/boostmatosinhos.com\/incubacao\/#primaryimage"},"thumbnailUrl":"https:\/\/boostmatosinhos.com\/wp-content\/uploads\/2026\/02\/incubadora-boost-matosinhos.webp","datePublished":"2026-02-09T19:04:47+00:00","dateModified":"2026-02-26T15:39:12+00:00","description":"With physical infrastructure, digital tools, and expert guidance, we help turn prototypes into scalable impact\nbusinesses.","breadcrumb":{"@id":"https:\/\/boostmatosinhos.com\/incubacao\/#breadcrumb"},"inLanguage":"en-US","potentialAction":[{"@type":"ReadAction","target":["https:\/\/boostmatosinhos.com\/incubacao\/"]}]},{"@type":"ImageObject","inLanguage":"en-US","@id":"https:\/\/boostmatosinhos.com\/incubacao\/#primaryimage","url":"https:\/\/boostmatosinhos.com\/wp-content\/uploads\/2026\/02\/incubadora-boost-matosinhos.webp","contentUrl":"https:\/\/boostmatosinhos.com\/wp-content\/uploads\/2026\/02\/incubadora-boost-matosinhos.webp"},{"@type":"BreadcrumbList","@id":"https:\/\/boostmatosinhos.com\/incubacao\/#breadcrumb","itemListElement":[{"@type":"ListItem","position":1,"name":"In\u00edcio","item":"https:\/\/boostmatosinhos.com\/"},{"@type":"ListItem","position":2,"name":"Incuba\u00e7\u00e3o"}]},{"@type":"WebSite","@id":"https:\/\/boostmatosinhos.com\/#website","url":"https:\/\/boostmatosinhos.com\/","name":"Boost Matosinhos","description":"Parceria para a Inova\u00e7\u00e3o Social","publisher":{"@id":"https:\/\/boostmatosinhos.com\/#organization"},"potentialAction":[{"@type":"SearchAction","target":{"@type":"EntryPoint","urlTemplate":"https:\/\/boostmatosinhos.com\/?s={search_term_string}"},"query-input":{"@type":"PropertyValueSpecification","valueRequired":true,"valueName":"search_term_string"}}],"inLanguage":"en-US"},{"@type":"Organization","@id":"https:\/\/boostmatosinhos.com\/#organization","name":"Boost Matosinhos","url":"https:\/\/boostmatosinhos.com\/","logo":{"@type":"ImageObject","inLanguage":"en-US","@id":"https:\/\/boostmatosinhos.com\/#\/schema\/logo\/image\/","url":"https:\/\/boostmatosinhos.com\/wp-content\/uploads\/2026\/02\/PBS_IXH_Boost_Logo-RGB.svg","contentUrl":"https:\/\/boostmatosinhos.com\/wp-content\/uploads\/2026\/02\/PBS_IXH_Boost_Logo-RGB.svg","width":609,"height":118,"caption":"Boost Matosinhos"},"image":{"@id":"https:\/\/boostmatosinhos.com\/#\/schema\/logo\/image\/"}}]}},"_links":{"self":[{"href":"https:\/\/boostmatosinhos.com\/en\/wp-json\/wp\/v2\/pages\/80","targetHints":{"allow":["GET"]}}],"collection":[{"href":"https:\/\/boostmatosinhos.com\/en\/wp-json\/wp\/v2\/pages"}],"about":[{"href":"https:\/\/boostmatosinhos.com\/en\/wp-json\/wp\/v2\/types\/page"}],"author":[{"embeddable":true,"href":"https:\/\/boostmatosinhos.com\/en\/wp-json\/wp\/v2\/users\/1"}],"replies":[{"embeddable":true,"href":"https:\/\/boostmatosinhos.com\/en\/wp-json\/wp\/v2\/comments?post=80"}],"version-history":[{"count":12,"href":"https:\/\/boostmatosinhos.com\/en\/wp-json\/wp\/v2\/pages\/80\/revisions"}],"predecessor-version":[{"id":334,"href":"https:\/\/boostmatosinhos.com\/en\/wp-json\/wp\/v2\/pages\/80\/revisions\/334"}],"wp:attachment":[{"href":"https:\/\/boostmatosinhos.com\/en\/wp-json\/wp\/v2\/media?parent=80"}],"curies":[{"name":"wp","href":"https:\/\/api.w.org\/{rel}","templated":true}]}}